{"id":1847,"date":"2024-10-14T12:56:45","date_gmt":"2024-10-14T12:56:45","guid":{"rendered":"https:\/\/carhunter.lt\/home\/"},"modified":"2024-11-30T15:17:49","modified_gmt":"2024-11-30T15:17:49","slug":"home","status":"publish","type":"page","link":"https:\/\/carhunter.lt\/","title":{"rendered":"Pagrindinis"},"content":{"rendered":"\t\t<div data-elementor-type=\"wp-page\" data-elementor-id=\"1847\" class=\"elementor elementor-1847\" data-elementor-post-type=\"page\">\n\t\t\t\t<div class=\"elementor-element elementor-element-70274f6 e-flex e-con-boxed e-con e-parent\" data-id=\"70274f6\" data-element_type=\"container\" data-e-type=\"container\">\n\t\t\t\t\t<div class=\"e-con-inner\">\n\t\t\t\t<div class=\"elementor-element elementor-element-49512260 elementor-widget elementor-widget-text-editor\" data-id=\"49512260\" data-element_type=\"widget\" data-e-type=\"widget\" data-widget_type=\"text-editor.default\">\n\t\t\t\t<div class=\"elementor-widget-container\">\n\t\t\t\t\t\t\t\t\t\n<div class=\"wp-block-uagb-container uag-blocks-common-selector uagb-block-2a0afa4f alignfull uagb-is-root-container\">\n<div class=\"uagb-container-inner-blocks-wrap\">\n<div class=\"wp-block-uagb-advanced-heading uagb-block-57eb10ff\">\n<h1 class=\"uagb-heading-text\">CARHUNTER.LT<\/h1>\n<div class=\"uagb-separator\">\u00a0<\/div>\n<p class=\"uagb-desc-text\">Pagalba \u012fsigyjant automobil\u012f Europoje, tarpininkavimas perkant bei parduodant automobilius Europoje ir ne tik, automobili\u0173 transportavimas.<\/p>\n<\/div>\n\n<div class=\"wp-block-uagb-buttons uagb-buttons__outer-wrap uagb-btn__default-btn uagb-btn-tablet__default-btn uagb-btn-mobile__default-btn uagb-block-9633c265\">\n<div class=\"uagb-buttons__wrap uagb-buttons-layout-wrap \">\n<div class=\"wp-block-uagb-buttons-child uagb-buttons__outer-wrap uagb-block-e7a32571 wp-block-button\">\n<div class=\"uagb-button__wrapper\">\n<div class=\"uagb-button__link\">Turite klausim\u0173? skambinKITE<\/div>\n<\/div>\n<\/div>\n<\/div>\n<\/div>\n\n<div class=\"wp-block-uagb-image aligncenter uagb-block-fd86e39c wp-block-uagb-image--layout-default wp-block-uagb-image--effect-static wp-block-uagb-image--align-center uag-blocks-common-selector\" style=\"--z-index-desktop: undefined; ;--z-index-tablet: 3; ;--z-index-mobile: undefined;\">\n<figure class=\"wp-block-uagb-image__figure\"><img fetchpriority=\"high\" decoding=\"async\" class=\"uag-image-1529\" title=\"\" role=\"img\" src=\"https:\/\/carhunter.lt\/wp-content\/uploads\/2020\/06\/black-bmw-m3-coupe-car.png\" sizes=\"(max-width: 480px) 150px\" srcset=\"https:\/\/carhunter.lt\/wp-content\/uploads\/2020\/06\/black-bmw-m3-coupe-car.png ,https:\/\/carhunter.lt\/wp-content\/uploads\/2020\/06\/black-bmw-m3-coupe-car.png 780w\" alt=\"\" width=\"744\" height=\"351\" \/><\/figure>\n<\/div>\n<\/div>\n<\/div>\n\n<div class=\"wp-block-uagb-container uag-blocks-common-selector uagb-block-d3be2094 alignfull uagb-is-root-container\">\n<div class=\"uagb-container-inner-blocks-wrap\">\n<div class=\"wp-block-uagb-container uagb-block-a8c53c79 alignfull uagb-is-root-container\">\n<div class=\"uagb-container-inner-blocks-wrap\">\n<div class=\"wp-block-uagb-info-box uagb-block-0d21ee77 uagb-infobox__content-wrap  uagb-infobox-icon-above-title uagb-infobox-image-valign-top wp-block-uagb-info-box--has-margin\">\n<div class=\"uagb-infobox-margin-wrapper\">\n<div class=\"uagb-ifb-content\">\n<div class=\"uagb-ifb-title-wrap\">\n<h2 class=\"uagb-ifb-title\">M\u016bs\u0173 teikiamos paslaugos<\/h2>\n<\/div>\n<div class=\"uagb-ifb-separator\">\u00a0<\/div>\n<p class=\"uagb-ifb-desc\">\u0160ioje skiltyje rasite informacij\u0105 apie m\u016bs\u0173 \u012fmon\u0117s teikiamas paslaugas<\/p>\n<\/div>\n<\/div>\n<\/div>\n\n<div class=\"wp-block-uagb-buttons uagb-buttons__outer-wrap uagb-btn__default-btn uagb-btn-tablet__default-btn uagb-btn-mobile__default-btn uagb-block-fcc71121\">\n<div class=\"uagb-buttons__wrap uagb-buttons-layout-wrap \">\n<div class=\"wp-block-uagb-buttons-child uagb-buttons__outer-wrap uagb-block-bc78be62 wp-block-button\">\n<div class=\"uagb-button__wrapper\">\n<div class=\"uagb-button__link\">M\u016aS\u0172 TEIKIAMOS PASLAUGOS<\/div>\n<\/div>\n<\/div>\n<\/div>\n<\/div>\n<\/div>\n<\/div>\n\n<div class=\"wp-block-uagb-container uagb-layout-grid uagb-block-9db4e41b alignfull uagb-is-root-container\">\n<div class=\"uagb-container-inner-blocks-wrap\">\n<div class=\"wp-block-uagb-info-box uagb-block-a500eea6 uagb-infobox__content-wrap  uagb-infobox-icon-above-title uagb-infobox-image-valign-top wp-block-uagb-info-box--has-margin\">\n<div class=\"uagb-infobox-margin-wrapper\">\n<div class=\"uagb-ifb-content\">\n<div class=\"uagb-ifb-image-content\"><img decoding=\"async\" src=\"https:\/\/carhunter.lt\/wp-content\/uploads\/2021\/03\/setting-icon.png\" alt=\"\" width=\"17\" height=\"17\" \/><\/div>\n<div class=\"uagb-ifb-title-wrap\">\n<h4 class=\"uagb-ifb-title\">Auto Maintenance Services\u200b<\/h4>\n<\/div>\n<p class=\"uagb-ifb-desc\">This is a short description elaborating the service you have mentioned above.<\/p>\n<\/div>\n<\/div>\n<\/div>\n\n<div class=\"wp-block-uagb-info-box uagb-block-a021b1bb uagb-infobox__content-wrap  uagb-infobox-icon-above-title uagb-infobox-image-valign-top wp-block-uagb-info-box--has-margin\">\n<div class=\"uagb-infobox-margin-wrapper\">\n<div class=\"uagb-ifb-content\">\n<div class=\"uagb-ifb-image-content\"><img decoding=\"async\" src=\"https:\/\/carhunter.lt\/wp-content\/uploads\/2021\/03\/rotor.png\" alt=\"\" width=\"17\" height=\"17\" \/><\/div>\n<div class=\"uagb-ifb-title-wrap\">\n<h4 class=\"uagb-ifb-title\">Brake Repair Pads &amp; Rotors\u200b<\/h4>\n<\/div>\n<p class=\"uagb-ifb-desc\">This is a short description elaborating the service you have mentioned above.<\/p>\n<\/div>\n<\/div>\n<\/div>\n\n<div class=\"wp-block-uagb-info-box uagb-block-c586ee69 uagb-infobox__content-wrap  uagb-infobox-icon-above-title uagb-infobox-image-valign-top wp-block-uagb-info-box--has-margin\">\n<div class=\"uagb-infobox-margin-wrapper\">\n<div class=\"uagb-ifb-content\">\n<div class=\"uagb-ifb-image-content\"><img loading=\"lazy\" decoding=\"async\" src=\"https:\/\/carhunter.lt\/wp-content\/uploads\/2021\/03\/shocks.png\" alt=\"\" width=\"17\" height=\"17\" \/><\/div>\n<div class=\"uagb-ifb-title-wrap\">\n<h4 class=\"uagb-ifb-title\">Shocks, Struts Replacement\u200b<\/h4>\n<\/div>\n<p class=\"uagb-ifb-desc\">This is a short description elaborating the service you have mentioned above.<\/p>\n<\/div>\n<\/div>\n<\/div>\n\n<div class=\"wp-block-uagb-info-box uagb-block-90404bc1 uagb-infobox__content-wrap  uagb-infobox-icon-above-title uagb-infobox-image-valign-top wp-block-uagb-info-box--has-margin\">\n<div class=\"uagb-infobox-margin-wrapper\">\n<div class=\"uagb-ifb-content\">\n<div class=\"uagb-ifb-image-content\"><img loading=\"lazy\" decoding=\"async\" src=\"https:\/\/carhunter.lt\/wp-content\/uploads\/2021\/03\/system-inside.png\" alt=\"\" width=\"17\" height=\"17\" \/><\/div>\n<div class=\"uagb-ifb-title-wrap\">\n<h4 class=\"uagb-ifb-title\">System Diagnosis &amp; Repair\u200b\u200b<\/h4>\n<\/div>\n<p class=\"uagb-ifb-desc\">This is a short description elaborating the service you have mentioned above.<\/p>\n<\/div>\n<\/div>\n<\/div>\n\n<div class=\"wp-block-uagb-info-box uagb-block-cb852a91 uagb-infobox__content-wrap  uagb-infobox-icon-above-title uagb-infobox-image-valign-top wp-block-uagb-info-box--has-margin\">\n<div class=\"uagb-infobox-margin-wrapper\">\n<div class=\"uagb-ifb-content\">\n<div class=\"uagb-ifb-image-content\"><img loading=\"lazy\" decoding=\"async\" src=\"https:\/\/carhunter.lt\/wp-content\/uploads\/2021\/03\/ac-repairs.png\" alt=\"\" width=\"17\" height=\"17\" \/><\/div>\n<div class=\"uagb-ifb-title-wrap\">\n<h4 class=\"uagb-ifb-title\">Air Conditioning Services\u200b\u200b<\/h4>\n<\/div>\n<p class=\"uagb-ifb-desc\">This is a short description elaborating the service you have mentioned above.<\/p>\n<\/div>\n<\/div>\n<\/div>\n\n<div class=\"wp-block-uagb-info-box uagb-block-3209aa2e uagb-infobox__content-wrap  uagb-infobox-icon-above-title uagb-infobox-image-valign-top wp-block-uagb-info-box--has-margin\">\n<div class=\"uagb-infobox-margin-wrapper\">\n<div class=\"uagb-ifb-content\">\n<div class=\"uagb-ifb-image-content\"><img loading=\"lazy\" decoding=\"async\" src=\"https:\/\/carhunter.lt\/wp-content\/uploads\/2021\/03\/tyre.svg\" alt=\"\" width=\"17\" height=\"17\" \/><\/div>\n<div class=\"uagb-ifb-title-wrap\">\n<h4 class=\"uagb-ifb-title\">Tires &amp; Wheel Balancing\u200b\u200b<\/h4>\n<\/div>\n<p class=\"uagb-ifb-desc\">This is a short description elaborating the service you have mentioned above.<\/p>\n<\/div>\n<\/div>\n<\/div>\n<\/div>\n<\/div>\n<\/div>\n<\/div>\n\n<div class=\"wp-block-uagb-container uagb-block-27ced265 alignfull uagb-is-root-container\">\n<div class=\"uagb-container-inner-blocks-wrap\">\n<div class=\"wp-block-uagb-container uagb-block-de3c30bf\">\n<div class=\"wp-block-uagb-info-box uagb-block-ec5cbe3a uagb-infobox__content-wrap  uagb-infobox-icon-above-title uagb-infobox-image-valign-top wp-block-uagb-info-box--has-margin\">\n<div class=\"uagb-infobox-margin-wrapper\">\n<div class=\"uagb-ifb-content\">\n<div class=\"uagb-ifb-title-wrap\">\n<h2 class=\"uagb-ifb-title\">Kod\u0117l turite pasirinkti mus?<\/h2>\n<\/div>\n<div class=\"uagb-ifb-separator\">\u00a0<\/div>\n<p class=\"uagb-ifb-desc\">A descriptive paragraph that tells clients how good you are and proves that you are the best choice that they\u2019ve made. This paragraph is also for those who are looking out for a reliable car repair.<\/p>\n<\/div>\n<\/div>\n<\/div>\n\n<div class=\"wp-block-uagb-container uagb-layout-grid uagb-block-86ce899c\">\n<div class=\"wp-block-uagb-info-box uagb-block-a27c792f uagb-infobox__content-wrap  uagb-infobox-icon-left uagb-infobox-left uagb-infobox-image-valign-top wp-block-uagb-info-box--has-margin\">\n<div class=\"uagb-infobox-margin-wrapper\">\n<div class=\"uagb-ifb-icon-wrap\">\n<div class=\"uagb-iconbox-icon-wrap uagb-infobox-shape-circle\">\u00a0<\/div>\n<\/div>\n<div class=\"uagb-ifb-content\">\n<div class=\"uagb-ifb-title-wrap\">\n<h6 class=\"uagb-ifb-title\">Expert Engineers<\/h6>\n<\/div>\n<p class=\"uagb-ifb-desc\">This is a short description elaborating the service you have mentioned above.<\/p>\n<\/div>\n<\/div>\n<\/div>\n\n<div class=\"wp-block-uagb-info-box uagb-block-4644c587 uagb-infobox__content-wrap  uagb-infobox-icon-left uagb-infobox-left uagb-infobox-image-valign-top wp-block-uagb-info-box--has-margin\">\n<div class=\"uagb-infobox-margin-wrapper\">\n<div class=\"uagb-ifb-icon-wrap\">\n<div class=\"uagb-iconbox-icon-wrap uagb-infobox-shape-circle\">\u00a0<\/div>\n<\/div>\n<div class=\"uagb-ifb-content\">\n<div class=\"uagb-ifb-title-wrap\">\n<h6 class=\"uagb-ifb-title\">Experience Skills<\/h6>\n<\/div>\n<p class=\"uagb-ifb-desc\">This is a short description elaborating the service you have mentioned above.<\/p>\n<\/div>\n<\/div>\n<\/div>\n\n<div class=\"wp-block-uagb-info-box uagb-block-739c115d uagb-infobox__content-wrap  uagb-infobox-icon-left uagb-infobox-left uagb-infobox-image-valign-top wp-block-uagb-info-box--has-margin\">\n<div class=\"uagb-infobox-margin-wrapper\">\n<div class=\"uagb-ifb-icon-wrap\">\n<div class=\"uagb-iconbox-icon-wrap uagb-infobox-shape-circle\">\u00a0<\/div>\n<\/div>\n<div class=\"uagb-ifb-content\">\n<div class=\"uagb-ifb-title-wrap\">\n<h6 class=\"uagb-ifb-title\">Guarantee Service<\/h6>\n<\/div>\n<p class=\"uagb-ifb-desc\">This is a short description elaborating the service you have mentioned above.<\/p>\n<\/div>\n<\/div>\n<\/div>\n\n<div class=\"wp-block-uagb-info-box uagb-block-f9ec128e uagb-infobox__content-wrap  uagb-infobox-icon-left uagb-infobox-left uagb-infobox-image-valign-top wp-block-uagb-info-box--has-margin\">\n<div class=\"uagb-infobox-margin-wrapper\">\n<div class=\"uagb-ifb-icon-wrap\">\n<div class=\"uagb-iconbox-icon-wrap uagb-infobox-shape-circle\">\u00a0<\/div>\n<\/div>\n<div class=\"uagb-ifb-content\">\n<div class=\"uagb-ifb-title-wrap\">\n<h6 class=\"uagb-ifb-title\">Trusted Work\u200b<\/h6>\n<\/div>\n<p class=\"uagb-ifb-desc\">This is a short description elaborating the service you have mentioned above.<\/p>\n<\/div>\n<\/div>\n<\/div>\n<\/div>\n<\/div>\n\n<div class=\"wp-block-uagb-container uag-blocks-common-selector uagb-block-b783d1cc\">\n<div class=\"wp-block-uagb-advanced-heading uagb-block-6fa94ee2\">\n<h4 class=\"uagb-heading-text\">Request Call Back<\/h4>\n<\/div>\n\n<div class=\"wp-block-uagb-forms uagb-forms__outer-wrap uagb-block-a3324047 uagb-forms__medium-btn\"><form class=\"uagb-forms-main-form\" autocomplete=\"on\" method=\"post\" name=\"uagb-form-a3324047\">\n<div class=\"wp-block-uagb-forms-name uagb-forms-name-wrap uagb-forms-field-set uagb-block-3d9318f3\">\n<div id=\"3d9318f3\" class=\"uagb-forms-name-label required uagb-forms-input-label\">Name<\/div>\n<input class=\"uagb-forms-name-input uagb-forms-input\" autocomplete=\"given-name\" name=\"3d9318f3\" required=\"\" type=\"text\" placeholder=\"Name\" \/><\/div>\n\n<div class=\"wp-block-uagb-forms-email uagb-forms-email-wrap uagb-forms-field-set uagb-block-2c312d11\">\n<div id=\"2c312d11\" class=\"uagb-forms-email-label required uagb-forms-input-label\">Email<\/div>\n<input class=\"uagb-forms-email-input uagb-forms-input\" autocomplete=\"email\" name=\"2c312d11\" required=\"\" type=\"email\" placeholder=\"Email\" \/><\/div>\n\n<div class=\"wp-block-uagb-forms-email uagb-forms-email-wrap uagb-forms-field-set uagb-block-0746c614\">\n<div id=\"0746c614\" class=\"uagb-forms-email-label required uagb-forms-input-label\">Subject<\/div>\n<input class=\"uagb-forms-email-input uagb-forms-input\" autocomplete=\"off\" name=\"0746c614\" required=\"\" type=\"email\" placeholder=\"Contact Number\" \/><\/div>\n\n<div class=\"wp-block-uagb-forms-textarea uagb-forms-textarea-wrap uagb-forms-field-set uagb-block-70ff65a0\">\n<div id=\"70ff65a0\" class=\"uagb-forms-textarea-label required uagb-forms-input-label\">Message<\/div>\n<textarea class=\"uagb-forms-textarea-input uagb-forms-input\" name=\"70ff65a0\" required=\"\" rows=\"4\" placeholder=\"Your Message\"><\/textarea><\/div>\n\n<div class=\"uagb-forms-form-hidden-data\"><input class=\"uagb_forms_form_label\" type=\"hidden\" value=\"Spectra Form\" \/><input class=\"uagb_forms_form_id\" type=\"hidden\" value=\"uagb-form-a3324047\" \/><\/div>\n<div class=\"uagb-form-reacaptcha-error-a3324047\">\u00a0<\/div>\n<div class=\"uagb-forms-main-submit-button-wrap wp-block-button\">\n<div class=\"uagb-forms-main-submit-button-text\">Send Request<\/div>\n<\/div>\n<\/form>\n<div class=\"uagb-forms-success-message-a3324047 uagb-forms-submit-message-hide\">The form has been submitted successfully!<\/div>\n<div class=\"uagb-forms-failed-message-a3324047 uagb-forms-submit-message-hide\">There has been some error while submitting the form. Please verify all form fields again.<\/div>\n<\/div>\n<\/div>\n<\/div>\n<\/div>\n\n<p class=\"wp-block-paragraph\">\u00a0<\/p>\n\t\t\t\t\t\t\t\t<\/div>\n\t\t\t\t<\/div>\n\t\t\t\t\t<\/div>\n\t\t\t\t<\/div>\n\t\t\t\t<\/div>\n\t\t","protected":false},"excerpt":{"rendered":"<p>CARHUNTER.LT Pagalba \u012fsigyjant automobil\u012f Europoje, tarpininkavimas perkant bei parduodant automobilius Europoje ir ne tik, automobili\u0173 transportavimas. Turite klausim\u0173? U\u017epildykite form\u0105 ir mes atsakysime!<\/p>\n","protected":false},"author":1,"featured_media":0,"parent":0,"menu_order":0,"comment_status":"closed","ping_status":"closed","template":"","meta":{"_gspb_post_css":"","_crdt_document":"","om_disable_all_campaigns":false,"_uag_custom_page_level_css":"","_monsterinsights_skip_tracking":false,"_monsterinsights_sitenote_active":false,"_monsterinsights_sitenote_note":"","_monsterinsights_sitenote_category":0,"_uf_show_specific_survey":0,"_uf_disable_surveys":false,"footnotes":"[]"},"class_list":["post-1847","page","type-page","status-publish","hentry"],"aioseo_notices":[],"featured_image_src":"","featured_image_src_square":false,"rbea_author_info":{"display_name":"simanonis420@gmail.com","author_link":"https:\/\/carhunter.lt\/?author=1"},"rbea_excerpt_info":"CARHUNTER.LT Pagalba \u012fsigyjant automobil\u012f Europoje, tarpininkavimas perkant bei parduodant automobilius Europoje ir ne tik, automobili\u0173 transportavimas. Turite klausim\u0173? U\u017epildykite form\u0105 ir mes atsakysime!","uagb_featured_image_src":{"full":false,"thumbnail":false,"medium":false,"medium_large":false,"large":false,"1536x1536":false,"2048x2048":false},"uagb_author_info":{"display_name":"simanonis420@gmail.com","author_link":"https:\/\/carhunter.lt\/?author=1"},"uagb_comment_info":0,"uagb_excerpt":"CARHUNTER.LT Pagalba \u012fsigyjant automobil\u012f Europoje, tarpininkavimas perkant bei parduodant automobilius Europoje ir ne tik, automobili\u0173 transportavimas. Turite klausim\u0173? U\u017epildykite form\u0105 ir mes atsakysime!","_links":{"self":[{"href":"https:\/\/carhunter.lt\/index.php?rest_route=\/wp\/v2\/pages\/1847","targetHints":{"allow":["GET"]}}],"collection":[{"href":"https:\/\/carhunter.lt\/index.php?rest_route=\/wp\/v2\/pages"}],"about":[{"href":"https:\/\/carhunter.lt\/index.php?rest_route=\/wp\/v2\/types\/page"}],"author":[{"embeddable":true,"href":"https:\/\/carhunter.lt\/index.php?rest_route=\/wp\/v2\/users\/1"}],"replies":[{"embeddable":true,"href":"https:\/\/carhunter.lt\/index.php?rest_route=%2Fwp%2Fv2%2Fcomments&post=1847"}],"version-history":[{"count":1,"href":"https:\/\/carhunter.lt\/index.php?rest_route=\/wp\/v2\/pages\/1847\/revisions"}],"predecessor-version":[{"id":3463,"href":"https:\/\/carhunter.lt\/index.php?rest_route=\/wp\/v2\/pages\/1847\/revisions\/3463"}],"wp:attachment":[{"href":"https:\/\/carhunter.lt\/index.php?rest_route=%2Fwp%2Fv2%2Fmedia&parent=1847"}],"curies":[{"name":"wp","href":"https:\/\/api.w.org\/{rel}","templated":true}]}}