{"id":2471,"date":"2024-11-05T18:06:26","date_gmt":"2024-11-05T18:06:26","guid":{"rendered":"https:\/\/carhunter.lt\/?page_id=2471"},"modified":"2024-12-06T23:30:11","modified_gmt":"2024-12-06T23:30:11","slug":"kaip-tai-veikia-d-u-k","status":"publish","type":"page","link":"https:\/\/carhunter.lt\/?page_id=2471","title":{"rendered":"Kaip tai veikia? D.U.K"},"content":{"rendered":"\t\t<div data-elementor-type=\"wp-page\" data-elementor-id=\"2471\" class=\"elementor elementor-2471\" data-elementor-post-type=\"page\">\n\t\t\t\t<div class=\"elementor-element elementor-element-f238c4d e-flex e-con-boxed e-con e-parent\" data-id=\"f238c4d\" data-element_type=\"container\" data-e-type=\"container\">\n\t\t\t\t\t<div class=\"e-con-inner\">\n\t\t\t\t<div class=\"elementor-element elementor-element-beb1694 elementor-headline--style-highlight elementor-widget elementor-widget-animated-headline\" data-id=\"beb1694\" data-element_type=\"widget\" data-e-type=\"widget\" data-settings=\"{&quot;marker&quot;:&quot;underline&quot;,&quot;highlighted_text&quot;:&quot;suradimo,&quot;,&quot;headline_style&quot;:&quot;highlight&quot;,&quot;loop&quot;:&quot;yes&quot;,&quot;highlight_animation_duration&quot;:1200,&quot;highlight_iteration_delay&quot;:8000}\" data-widget_type=\"animated-headline.default\">\n\t\t\t\t<div class=\"elementor-widget-container\">\n\t\t\t\t\t\t\t<h3 class=\"elementor-headline\">\n\t\t\t\t\t<span class=\"elementor-headline-plain-text elementor-headline-text-wrapper\">Nuo automobilio<\/span>\n\t\t\t\t<span class=\"elementor-headline-dynamic-wrapper elementor-headline-text-wrapper\">\n\t\t\t\t\t<span class=\"elementor-headline-dynamic-text elementor-headline-text-active\">suradimo,<\/span>\n\t\t\t\t<\/span>\n\t\t\t\t\t<span class=\"elementor-headline-plain-text elementor-headline-text-wrapper\">iki pristatymo<\/span>\n\t\t\t\t\t<\/h3>\n\t\t\t\t\t\t<\/div>\n\t\t\t\t<\/div>\n\t\t\t\t\t<\/div>\n\t\t\t\t<\/div>\n\t\t<div class=\"elementor-element elementor-element-VVHniqw e-flex e-con-boxed e-con e-parent\" data-id=\"VVHniqw\" data-element_type=\"container\" data-e-type=\"container\">\n\t\t\t\t\t<div class=\"e-con-inner\">\n\t\t<div class=\"elementor-element elementor-element-88MmI7p e-con-full e-flex e-con e-child\" data-id=\"88MmI7p\" data-element_type=\"container\" data-e-type=\"container\">\n\t\t\t\t<div class=\"elementor-element elementor-element-Lwawx6G elementor-widget elementor-widget-heading\" data-id=\"Lwawx6G\" data-element_type=\"widget\" data-e-type=\"widget\" data-widget_type=\"heading.default\">\n\t\t\t\t<div class=\"elementor-widget-container\">\n\t\t\t\t\t<h2 class=\"elementor-heading-title elementor-size-default\">D.U.K.<\/h2>\t\t\t\t<\/div>\n\t\t\t\t<\/div>\n\t\t\t\t<div class=\"elementor-element elementor-element-IdHakyx elementor-widget elementor-widget-heading\" data-id=\"IdHakyx\" data-element_type=\"widget\" data-e-type=\"widget\" data-widget_type=\"heading.default\">\n\t\t\t\t<div class=\"elementor-widget-container\">\n\t\t\t\t\t<h5 class=\"elementor-heading-title elementor-size-default\">Pasiruo\u0161kite atsakymams \u012f da\u017eniausiai i\u0161kylan\u010dius klausimus.<\/h5>\t\t\t\t<\/div>\n\t\t\t\t<\/div>\n\t\t<div class=\"elementor-element elementor-element-MQbdm2M e-flex e-con-boxed e-con e-child\" data-id=\"MQbdm2M\" data-element_type=\"container\" data-e-type=\"container\">\n\t\t\t\t\t<div class=\"e-con-inner\">\n\t\t<div class=\"elementor-element elementor-element-BtiTqAc e-flex e-con-boxed e-con e-child\" data-id=\"BtiTqAc\" data-element_type=\"container\" data-e-type=\"container\">\n\t\t\t\t\t<div class=\"e-con-inner\">\n\t\t\t\t<div class=\"elementor-element elementor-element-RNj5atB elementor-widget elementor-widget-toggle\" data-id=\"RNj5atB\" data-element_type=\"widget\" data-e-type=\"widget\" data-widget_type=\"toggle.default\">\n\t\t\t\t<div class=\"elementor-widget-container\">\n\t\t\t\t\t\t\t<div class=\"elementor-toggle\">\n\t\t\t\t\t\t\t<div class=\"elementor-toggle-item\">\n\t\t\t\t\t<div id=\"elementor-tab-title-1451\" class=\"elementor-tab-title\" data-tab=\"1\" role=\"button\" aria-controls=\"elementor-tab-content-1451\" aria-expanded=\"false\">\n\t\t\t\t\t\t\t\t\t\t\t\t<span class=\"elementor-toggle-icon elementor-toggle-icon-right\" aria-hidden=\"true\">\n\t\t\t\t\t\t\t\t\t\t\t\t\t\t\t<span class=\"elementor-toggle-icon-closed\"><i class=\"fas fa-caret-right\"><\/i><\/span>\n\t\t\t\t\t\t\t\t<span class=\"elementor-toggle-icon-opened\"><i class=\"elementor-toggle-icon-opened fas fa-caret-up\"><\/i><\/span>\n\t\t\t\t\t\t\t\t\t\t\t\t\t<\/span>\n\t\t\t\t\t\t\t\t\t\t\t\t<a class=\"elementor-toggle-title\" tabindex=\"0\">Kokius automobilius ar kit\u0105 technik\u0105 galima isigyti?<\/a>\n\t\t\t\t\t<\/div>\n\n\t\t\t\t\t<div id=\"elementor-tab-content-1451\" class=\"elementor-tab-content elementor-clearfix\" data-tab=\"1\" role=\"region\" aria-labelledby=\"elementor-tab-title-1451\"><p>Panaudokite m\u016bs\u0173 patogi\u0105 paie\u0161kos sistem\u0105. Filtruokite pagal mark\u0119, model\u012f ir kitus kriterijus, kad rastum\u0117te ideal\u0173 automobil\u012f greitai ir lengvai.<\/p><\/div>\n\t\t\t\t<\/div>\n\t\t\t\t\t\t\t<div class=\"elementor-toggle-item\">\n\t\t\t\t\t<div id=\"elementor-tab-title-1452\" class=\"elementor-tab-title\" data-tab=\"2\" role=\"button\" aria-controls=\"elementor-tab-content-1452\" aria-expanded=\"false\">\n\t\t\t\t\t\t\t\t\t\t\t\t<span class=\"elementor-toggle-icon elementor-toggle-icon-right\" aria-hidden=\"true\">\n\t\t\t\t\t\t\t\t\t\t\t\t\t\t\t<span class=\"elementor-toggle-icon-closed\"><i class=\"fas fa-caret-right\"><\/i><\/span>\n\t\t\t\t\t\t\t\t<span class=\"elementor-toggle-icon-opened\"><i class=\"elementor-toggle-icon-opened fas fa-caret-up\"><\/i><\/span>\n\t\t\t\t\t\t\t\t\t\t\t\t\t<\/span>\n\t\t\t\t\t\t\t\t\t\t\t\t<a class=\"elementor-toggle-title\" tabindex=\"0\">Kiek laiko automobiliai ar kita technika keliauja iki Lietuvos?<\/a>\n\t\t\t\t\t<\/div>\n\n\t\t\t\t\t<div id=\"elementor-tab-content-1452\" class=\"elementor-tab-content elementor-clearfix\" data-tab=\"2\" role=\"region\" aria-labelledby=\"elementor-tab-title-1452\"><p>Priklauso nuo vietos, ta\u010diau bendrai tai u\u017etrunka nuo 5 iki 14 dien\u0173, kad automobilis pasiekt\u0173 j\u016bs\u0173 adres\u0105.<\/p><\/div>\n\t\t\t\t<\/div>\n\t\t\t\t\t\t\t<div class=\"elementor-toggle-item\">\n\t\t\t\t\t<div id=\"elementor-tab-title-1453\" class=\"elementor-tab-title\" data-tab=\"3\" role=\"button\" aria-controls=\"elementor-tab-content-1453\" aria-expanded=\"false\">\n\t\t\t\t\t\t\t\t\t\t\t\t<span class=\"elementor-toggle-icon elementor-toggle-icon-right\" aria-hidden=\"true\">\n\t\t\t\t\t\t\t\t\t\t\t\t\t\t\t<span class=\"elementor-toggle-icon-closed\"><i class=\"fas fa-caret-right\"><\/i><\/span>\n\t\t\t\t\t\t\t\t<span class=\"elementor-toggle-icon-opened\"><i class=\"elementor-toggle-icon-opened fas fa-caret-up\"><\/i><\/span>\n\t\t\t\t\t\t\t\t\t\t\t\t\t<\/span>\n\t\t\t\t\t\t\t\t\t\t\t\t<a class=\"elementor-toggle-title\" tabindex=\"0\">Kokiais b\u016bdais u\u017etvirtinamas susitarimas tarp kliento ir paslaugos teik\u0117jo \u0161ali\u0173?<\/a>\n\t\t\t\t\t<\/div>\n\n\t\t\t\t\t<div id=\"elementor-tab-content-1453\" class=\"elementor-tab-content elementor-clearfix\" data-tab=\"3\" role=\"region\" aria-labelledby=\"elementor-tab-title-1453\"><p>Taip, mes turime gr\u0105\u017einimo politik\u0105, leid\u017eian\u010di\u0105 gr\u0105\u017einti automobil\u012f per 14 dien\u0173 nuo jo gavimo.<\/p><\/div>\n\t\t\t\t<\/div>\n\t\t\t\t\t\t\t<div class=\"elementor-toggle-item\">\n\t\t\t\t\t<div id=\"elementor-tab-title-1454\" class=\"elementor-tab-title\" data-tab=\"4\" role=\"button\" aria-controls=\"elementor-tab-content-1454\" aria-expanded=\"false\">\n\t\t\t\t\t\t\t\t\t\t\t\t<span class=\"elementor-toggle-icon elementor-toggle-icon-right\" aria-hidden=\"true\">\n\t\t\t\t\t\t\t\t\t\t\t\t\t\t\t<span class=\"elementor-toggle-icon-closed\"><i class=\"fas fa-caret-right\"><\/i><\/span>\n\t\t\t\t\t\t\t\t<span class=\"elementor-toggle-icon-opened\"><i class=\"elementor-toggle-icon-opened fas fa-caret-up\"><\/i><\/span>\n\t\t\t\t\t\t\t\t\t\t\t\t\t<\/span>\n\t\t\t\t\t\t\t\t\t\t\t\t<a class=\"elementor-toggle-title\" tabindex=\"0\">K\u0105 geriau rinktis, apgadint\u0105 ar visi\u0161kai sveik\u0105 automobil\u012f?<\/a>\n\t\t\t\t\t<\/div>\n\n\t\t\t\t\t<div id=\"elementor-tab-content-1454\" class=\"elementor-tab-content elementor-clearfix\" data-tab=\"4\" role=\"region\" aria-labelledby=\"elementor-tab-title-1454\"><p>Pirm\u0105sias 14 dien\u0173 j\u016bs\u0173 automobilis bus bandomasis laikotarpis, kurio metu gal\u0117site j\u012f i\u0161bandyti ir nuspr\u0119sti d\u0117l pirkinio.<\/p><\/div>\n\t\t\t\t<\/div>\n\t\t\t\t\t\t\t<div class=\"elementor-toggle-item\">\n\t\t\t\t\t<div id=\"elementor-tab-title-1455\" class=\"elementor-tab-title\" data-tab=\"5\" role=\"button\" aria-controls=\"elementor-tab-content-1455\" aria-expanded=\"false\">\n\t\t\t\t\t\t\t\t\t\t\t\t<span class=\"elementor-toggle-icon elementor-toggle-icon-right\" aria-hidden=\"true\">\n\t\t\t\t\t\t\t\t\t\t\t\t\t\t\t<span class=\"elementor-toggle-icon-closed\"><i class=\"fas fa-caret-right\"><\/i><\/span>\n\t\t\t\t\t\t\t\t<span class=\"elementor-toggle-icon-opened\"><i class=\"elementor-toggle-icon-opened fas fa-caret-up\"><\/i><\/span>\n\t\t\t\t\t\t\t\t\t\t\t\t\t<\/span>\n\t\t\t\t\t\t\t\t\t\t\t\t<a class=\"elementor-toggle-title\" tabindex=\"0\">Kaip vyksta automobilio pirkimas ir paie\u0161ka? K\u0105 reikia daryti klientui ir k\u0105 paslaugos teik\u0117jui?<\/a>\n\t\t\t\t\t<\/div>\n\n\t\t\t\t\t<div id=\"elementor-tab-content-1455\" class=\"elementor-tab-content elementor-clearfix\" data-tab=\"5\" role=\"region\" aria-labelledby=\"elementor-tab-title-1455\"><p>M\u016bs\u0173 platforma priima \u012fvairius atsiskaitymo b\u016bdus, \u012fskaitant banko korteles, pervedimus ir mok\u0117jimus \u017emon\u0117ms.<\/p><\/div>\n\t\t\t\t<\/div>\n\t\t\t\t\t\t\t<div class=\"elementor-toggle-item\">\n\t\t\t\t\t<div id=\"elementor-tab-title-1456\" class=\"elementor-tab-title\" data-tab=\"6\" role=\"button\" aria-controls=\"elementor-tab-content-1456\" aria-expanded=\"false\">\n\t\t\t\t\t\t\t\t\t\t\t\t<span class=\"elementor-toggle-icon elementor-toggle-icon-right\" aria-hidden=\"true\">\n\t\t\t\t\t\t\t\t\t\t\t\t\t\t\t<span class=\"elementor-toggle-icon-closed\"><i class=\"fas fa-caret-right\"><\/i><\/span>\n\t\t\t\t\t\t\t\t<span class=\"elementor-toggle-icon-opened\"><i class=\"elementor-toggle-icon-opened fas fa-caret-up\"><\/i><\/span>\n\t\t\t\t\t\t\t\t\t\t\t\t\t<\/span>\n\t\t\t\t\t\t\t\t\t\t\t\t<a class=\"elementor-toggle-title\" tabindex=\"0\">Ar pirkti saugu?<\/a>\n\t\t\t\t\t<\/div>\n\n\t\t\t\t\t<div id=\"elementor-tab-content-1456\" class=\"elementor-tab-content elementor-clearfix\" data-tab=\"6\" role=\"region\" aria-labelledby=\"elementor-tab-title-1456\"><p>Visada esame \u010dia, kad pad\u0117tume! Galite susisiekti su mumis telefonu arba el. pa\u0161tu, nurodytu m\u016bs\u0173 svetain\u0117je.<\/p><\/div>\n\t\t\t\t<\/div>\n\t\t\t\t\t\t\t\t<\/div>\n\t\t\t\t\t\t<\/div>\n\t\t\t\t<\/div>\n\t\t\t\t\t<\/div>\n\t\t\t\t<\/div>\n\t\t<div class=\"elementor-element elementor-element-RevyN0v e-flex e-con-boxed e-con e-child\" data-id=\"RevyN0v\" data-element_type=\"container\" data-e-type=\"container\">\n\t\t\t\t\t<div class=\"e-con-inner\">\n\t\t\t\t<div class=\"elementor-element elementor-element-G3XBFND elementor-widget elementor-widget-toggle\" data-id=\"G3XBFND\" data-element_type=\"widget\" data-e-type=\"widget\" data-widget_type=\"toggle.default\">\n\t\t\t\t<div class=\"elementor-widget-container\">\n\t\t\t\t\t\t\t<div class=\"elementor-toggle\">\n\t\t\t\t\t\t\t<div class=\"elementor-toggle-item\">\n\t\t\t\t\t<div id=\"elementor-tab-title-1531\" class=\"elementor-tab-title\" data-tab=\"1\" role=\"button\" aria-controls=\"elementor-tab-content-1531\" aria-expanded=\"false\">\n\t\t\t\t\t\t\t\t\t\t\t\t<span class=\"elementor-toggle-icon elementor-toggle-icon-right\" aria-hidden=\"true\">\n\t\t\t\t\t\t\t\t\t\t\t\t\t\t\t<span class=\"elementor-toggle-icon-closed\"><i class=\"fas fa-caret-right\"><\/i><\/span>\n\t\t\t\t\t\t\t\t<span class=\"elementor-toggle-icon-opened\"><i class=\"elementor-toggle-icon-opened fas fa-caret-up\"><\/i><\/span>\n\t\t\t\t\t\t\t\t\t\t\t\t\t<\/span>\n\t\t\t\t\t\t\t\t\t\t\t\t<a class=\"elementor-toggle-title\" tabindex=\"0\">Ar visi automobiliai parduodami u\u017e tam tikr\u0105 kain\u0105 ir gali b\u016bti nupirkti i\u0161kart?<\/a>\n\t\t\t\t\t<\/div>\n\n\t\t\t\t\t<div id=\"elementor-tab-content-1531\" class=\"elementor-tab-content elementor-clearfix\" data-tab=\"1\" role=\"region\" aria-labelledby=\"elementor-tab-title-1531\"><p>Tikrai ne, dauguma m\u016bs\u0173 si\u016blom\u0173 automobili\u0173 yra parduodami Aukciono b\u016bdu, kaikurie automobiliai parduodami u\u017e &#8222;Pirkti i\u0161kart&#8221; kain\u0105. Vis\u0105 informacij\u0105 matote \u0161alia automobilio apra\u0161ymo, arba jei derinate su mumis asmeni\u0161kai, mes informuojame.<\/p><\/div>\n\t\t\t\t<\/div>\n\t\t\t\t\t\t\t<div class=\"elementor-toggle-item\">\n\t\t\t\t\t<div id=\"elementor-tab-title-1532\" class=\"elementor-tab-title\" data-tab=\"2\" role=\"button\" aria-controls=\"elementor-tab-content-1532\" aria-expanded=\"false\">\n\t\t\t\t\t\t\t\t\t\t\t\t<span class=\"elementor-toggle-icon elementor-toggle-icon-right\" aria-hidden=\"true\">\n\t\t\t\t\t\t\t\t\t\t\t\t\t\t\t<span class=\"elementor-toggle-icon-closed\"><i class=\"fas fa-caret-right\"><\/i><\/span>\n\t\t\t\t\t\t\t\t<span class=\"elementor-toggle-icon-opened\"><i class=\"elementor-toggle-icon-opened fas fa-caret-up\"><\/i><\/span>\n\t\t\t\t\t\t\t\t\t\t\t\t\t<\/span>\n\t\t\t\t\t\t\t\t\t\t\t\t<a class=\"elementor-toggle-title\" tabindex=\"0\">Ar sud\u0117tinga \u012fsigyti automobil\u012f Aukciono ar kt. b\u016bdu?<\/a>\n\t\t\t\t\t<\/div>\n\n\t\t\t\t\t<div id=\"elementor-tab-content-1532\" class=\"elementor-tab-content elementor-clearfix\" data-tab=\"2\" role=\"region\" aria-labelledby=\"elementor-tab-title-1532\"><p>Visi\u0161kai nesud\u0117tinga, tai gali atrodyti kaip sud\u0117tingas procesas, ta\u010diau mes turime pakankamai patirties ir visas kylan\u010dias problemas ir klausimus sprend\u017eiame patys arba padedame i\u0161spr\u0119sti klientui. Vienintelis dalykas yra klientui \u017einoti kriterijus kokio automobilio jis ie\u0161ko.<\/p><\/div>\n\t\t\t\t<\/div>\n\t\t\t\t\t\t\t<div class=\"elementor-toggle-item\">\n\t\t\t\t\t<div id=\"elementor-tab-title-1533\" class=\"elementor-tab-title\" data-tab=\"3\" role=\"button\" aria-controls=\"elementor-tab-content-1533\" aria-expanded=\"false\">\n\t\t\t\t\t\t\t\t\t\t\t\t<span class=\"elementor-toggle-icon elementor-toggle-icon-right\" aria-hidden=\"true\">\n\t\t\t\t\t\t\t\t\t\t\t\t\t\t\t<span class=\"elementor-toggle-icon-closed\"><i class=\"fas fa-caret-right\"><\/i><\/span>\n\t\t\t\t\t\t\t\t<span class=\"elementor-toggle-icon-opened\"><i class=\"elementor-toggle-icon-opened fas fa-caret-up\"><\/i><\/span>\n\t\t\t\t\t\t\t\t\t\t\t\t\t<\/span>\n\t\t\t\t\t\t\t\t\t\t\t\t<a class=\"elementor-toggle-title\" tabindex=\"0\">Kod\u0117l automobiliai perkant per mus gaunasi pigiau, nei perkant i\u0161 skelbim\u0173?<\/a>\n\t\t\t\t\t<\/div>\n\n\t\t\t\t\t<div id=\"elementor-tab-content-1533\" class=\"elementor-tab-content elementor-clearfix\" data-tab=\"3\" role=\"region\" aria-labelledby=\"elementor-tab-title-1533\"><p>Tod\u0117l nes perkant per m\u016bs\u0173 \u012fmon\u0119, da\u017eniausiai j\u016bs automobil\u012f \u012fsigyjate i\u0161 pirm\u0173 rank\u0173. tai rei\u0161kia kad mes to automobilio neturime ir si\u016blome j\u012f jums tiesiai i\u0161 pirm\u0173 tiek\u0117jo rank\u0173, d\u0117l to finalin\u0117 kaina da\u017eniausiai gaunasi geresn\u0117 nei rinkoje esan\u010di\u0173 automobili\u0173 kadangi nepermokate automobili\u0173 perpardav\u0117jams o tik susimokate u\u017e tarpininkavimo paslaug\u0105 ir automobil\u012f gaunate u\u017e geresn\u0119 kain\u0105. \u017dinoma kaina priklauso ir nuo paties automobilio, jo b\u016bkl\u0117s bei j\u016bs\u0173 kriterij\u0173, jei pirksite sveik\u0105, nedau\u017et\u0105 automobil\u012f su \u0161varia istorija ir ma\u017ea rida, jo kaina gali b\u016bti ir didesn\u0117 nei rinkoje Lietuvoje, ta\u010diau da\u017enu atveju tokio identi\u0161ko automobilio Lietuvoje net negal\u0117site \u012fsigyti nes nebus i\u0161 ko pasirinkti. Perkant u\u017esienyje automobili\u0173 pasirinkimas platus, lygiai taip pat kaip ir automobili\u0173 technin\u0117 bei vizualin\u0117 b\u016bkl\u0117, da\u017eniausiai automobiliai yra daug geresn\u0117s b\u016bkl\u0117s nei Lietuvoje o kaina da\u017enu atveju su smulkiais ne\u017eymiais defektais b\u016bna ma\u017eesn\u0117 nei Lietuvoje.<\/p><\/div>\n\t\t\t\t<\/div>\n\t\t\t\t\t\t\t<div class=\"elementor-toggle-item\">\n\t\t\t\t\t<div id=\"elementor-tab-title-1534\" class=\"elementor-tab-title\" data-tab=\"4\" role=\"button\" aria-controls=\"elementor-tab-content-1534\" aria-expanded=\"false\">\n\t\t\t\t\t\t\t\t\t\t\t\t<span class=\"elementor-toggle-icon elementor-toggle-icon-right\" aria-hidden=\"true\">\n\t\t\t\t\t\t\t\t\t\t\t\t\t\t\t<span class=\"elementor-toggle-icon-closed\"><i class=\"fas fa-caret-right\"><\/i><\/span>\n\t\t\t\t\t\t\t\t<span class=\"elementor-toggle-icon-opened\"><i class=\"elementor-toggle-icon-opened fas fa-caret-up\"><\/i><\/span>\n\t\t\t\t\t\t\t\t\t\t\t\t\t<\/span>\n\t\t\t\t\t\t\t\t\t\t\t\t<a class=\"elementor-toggle-title\" tabindex=\"0\">Ar transportavimo kaina b\u016bna preliminariai \u017einoma prie\u0161 \u012fsigyjant automobil\u012f?<\/a>\n\t\t\t\t\t<\/div>\n\n\t\t\t\t\t<div id=\"elementor-tab-content-1534\" class=\"elementor-tab-content elementor-clearfix\" data-tab=\"4\" role=\"region\" aria-labelledby=\"elementor-tab-title-1534\"><p>Taip, tiksli kaina gali b\u016bti ne\u017einoma, ta\u010diau ji tikrai nei\u0161augs, kadangi turime daug ve\u017e\u0117j\u0173 kurie gali pasakyti orientacin\u0119 kain\u0105 prie\u0161 nuperkant automobil\u012f tik \u017einant jo lokacij\u0105.<\/p><\/div>\n\t\t\t\t<\/div>\n\t\t\t\t\t\t\t<div class=\"elementor-toggle-item\">\n\t\t\t\t\t<div id=\"elementor-tab-title-1535\" class=\"elementor-tab-title\" data-tab=\"5\" role=\"button\" aria-controls=\"elementor-tab-content-1535\" aria-expanded=\"false\">\n\t\t\t\t\t\t\t\t\t\t\t\t<span class=\"elementor-toggle-icon elementor-toggle-icon-right\" aria-hidden=\"true\">\n\t\t\t\t\t\t\t\t\t\t\t\t\t\t\t<span class=\"elementor-toggle-icon-closed\"><i class=\"fas fa-caret-right\"><\/i><\/span>\n\t\t\t\t\t\t\t\t<span class=\"elementor-toggle-icon-opened\"><i class=\"elementor-toggle-icon-opened fas fa-caret-up\"><\/i><\/span>\n\t\t\t\t\t\t\t\t\t\t\t\t\t<\/span>\n\t\t\t\t\t\t\t\t\t\t\t\t<a class=\"elementor-toggle-title\" tabindex=\"0\">Kokiais b\u016bdais parduodami si\u016blomi automobiliai ir i\u0161 ko galima rinktis?<\/a>\n\t\t\t\t\t<\/div>\n\n\t\t\t\t\t<div id=\"elementor-tab-content-1535\" class=\"elementor-tab-content elementor-clearfix\" data-tab=\"5\" role=\"region\" aria-labelledby=\"elementor-tab-title-1535\"><p>Automobiliai yra parduodami keliais b\u016bdais,\u00a0<\/p><p>Aukcionas(garantuota kaina)- tokiu b\u016bdu parduodamas automobilis turi paskelbt\u0105 aukcion\u0105 tam tikr\u0105 dien\u0105 ir valand\u0105 bei yra \u017einoma jo pradin\u0117 kaina, tuo atveju mes galime tik bandyti sp\u0117ti jo galutin\u0119 kain\u0105, tokio sandorio metu su klientu deriname galim\u0105 auks\u010diausi\u0105 automobilio kain\u0105 aukcione ir jeigu iki slenkstin\u0117s nusistatytos automobilio kainos ribos pavyksta laim\u0117ti aukcion\u0105, tokiu atveju automobil\u012f perkame.<\/p><p>Pirkti i\u0161kart- tokiu b\u016bdu parduodami automobiliai turi ai\u0161kiai para\u0161yt\u0105 kain\u0105 ir juos galime nupirkti i\u0161kart, tai rei\u0161kia kad u\u017e nurodyt\u0105 kain\u0105 galite i\u0161kart \u012fsigyti automobil\u012f.\u00a0<\/p><p>Aukcionas geriausios kainos pasi\u016blymas(negarantuota kaina)- tokiu b\u016bdu parduodamas automobilis turi paskelbt\u0105 aukcion\u0105 tam tikr\u0105 dien\u0105 ir aukciono metu parduodamas automobilis neturi pradin\u0117s kainos ir ji kyla nuo ma\u017eiausios \u012fmanomos sumos, tokiam aukcionui pasibaigus lieka paskutin\u0117 suma(kuri\u0105 statome mes ir kiti aukciono dalyviai) ir aukciono reng\u0117jas(automobilio pardav\u0117jas) turi teis\u0119 priimti pasi\u016blym\u0105 arba atmesti, jei pasi\u016blymas priimtas ir mes buvome paskutiniai kuri\u0173 pasi\u016blymas buvo auks\u010diausias, tokiu atveju automobil\u012f perkame.<\/p><\/div>\n\t\t\t\t<\/div>\n\t\t\t\t\t\t\t<div class=\"elementor-toggle-item\">\n\t\t\t\t\t<div id=\"elementor-tab-title-1536\" class=\"elementor-tab-title\" data-tab=\"6\" role=\"button\" aria-controls=\"elementor-tab-content-1536\" aria-expanded=\"false\">\n\t\t\t\t\t\t\t\t\t\t\t\t<span class=\"elementor-toggle-icon elementor-toggle-icon-right\" aria-hidden=\"true\">\n\t\t\t\t\t\t\t\t\t\t\t\t\t\t\t<span class=\"elementor-toggle-icon-closed\"><i class=\"fas fa-caret-right\"><\/i><\/span>\n\t\t\t\t\t\t\t\t<span class=\"elementor-toggle-icon-opened\"><i class=\"elementor-toggle-icon-opened fas fa-caret-up\"><\/i><\/span>\n\t\t\t\t\t\t\t\t\t\t\t\t\t<\/span>\n\t\t\t\t\t\t\t\t\t\t\t\t<a class=\"elementor-toggle-title\" tabindex=\"0\">Ar yra skirtumas i\u0161 kokios \u0161alies automobil\u012f rinktis?<\/a>\n\t\t\t\t\t<\/div>\n\n\t\t\t\t\t<div id=\"elementor-tab-content-1536\" class=\"elementor-tab-content elementor-clearfix\" data-tab=\"6\" role=\"region\" aria-labelledby=\"elementor-tab-title-1536\"><\/div>\n\t\t\t\t<\/div>\n\t\t\t\t\t\t\t\t<\/div>\n\t\t\t\t\t\t<\/div>\n\t\t\t\t<\/div>\n\t\t\t\t\t<\/div>\n\t\t\t\t<\/div>\n\t\t\t\t\t<\/div>\n\t\t\t\t<\/div>\n\t\t\t\t<\/div>\n\t\t\t\t\t<\/div>\n\t\t\t\t<\/div>\n\t\t\t\t<\/div>\n\t\t","protected":false},"excerpt":{"rendered":"<p>Nuo automobilio suradimo, iki pristatymo D.U.K. Pasiruo\u0161kite atsakymams \u012f da\u017eniausiai i\u0161kylan\u010dius klausimus. Kokius automobilius ar kit\u0105 technik\u0105 galima isigyti? Panaudokite m\u016bs\u0173 patogi\u0105 paie\u0161kos sistem\u0105. Filtruokite pagal mark\u0119, model\u012f ir kitus kriterijus, kad rastum\u0117te ideal\u0173 automobil\u012f greitai ir lengvai. Kiek laiko automobiliai ar kita technika keliauja iki Lietuvos? Priklauso nuo vietos, ta\u010diau bendrai tai u\u017etrunka nuo [&hellip;]<\/p>\n","protected":false},"author":1,"featured_media":0,"parent":0,"menu_order":0,"comment_status":"closed","ping_status":"closed","template":"wp-custom-template-kaip-tai-veikia-d-u-k","meta":{"_gspb_post_css":"","_crdt_document":"","om_disable_all_campaigns":false,"_uag_custom_page_level_css":"","_monsterinsights_skip_tracking":false,"_monsterinsights_sitenote_active":false,"_monsterinsights_sitenote_note":"","_monsterinsights_sitenote_category":0,"_uf_show_specific_survey":0,"_uf_disable_surveys":false,"footnotes":""},"class_list":["post-2471","page","type-page","status-publish","hentry"],"aioseo_notices":[],"featured_image_src":"","featured_image_src_square":false,"rbea_author_info":{"display_name":"simanonis420@gmail.com","author_link":"https:\/\/carhunter.lt\/?author=1"},"rbea_excerpt_info":"Nuo automobilio suradimo, iki pristatymo D.U.K. Pasiruo\u0161kite atsakymams \u012f da\u017eniausiai i\u0161kylan\u010dius klausimus. Kokius automobilius ar kit\u0105 technik\u0105 galima isigyti? Panaudokite m\u016bs\u0173 patogi\u0105 paie\u0161kos sistem\u0105. Filtruokite pagal mark\u0119, model\u012f ir kitus kriterijus, kad rastum\u0117te ideal\u0173 automobil\u012f greitai ir lengvai. Kiek laiko automobiliai ar kita technika keliauja iki Lietuvos? Priklauso nuo vietos, ta\u010diau bendrai tai u\u017etrunka nuo [&hellip;]","uagb_featured_image_src":{"full":false,"thumbnail":false,"medium":false,"medium_large":false,"large":false,"1536x1536":false,"2048x2048":false},"uagb_author_info":{"display_name":"simanonis420@gmail.com","author_link":"https:\/\/carhunter.lt\/?author=1"},"uagb_comment_info":0,"uagb_excerpt":"Nuo automobilio suradimo, iki pristatymo D.U.K. Pasiruo\u0161kite atsakymams \u012f da\u017eniausiai i\u0161kylan\u010dius klausimus. Kokius automobilius ar kit\u0105 technik\u0105 galima isigyti? Panaudokite m\u016bs\u0173 patogi\u0105 paie\u0161kos sistem\u0105. Filtruokite pagal mark\u0119, model\u012f ir kitus kriterijus, kad rastum\u0117te ideal\u0173 automobil\u012f greitai ir lengvai. Kiek laiko automobiliai ar kita technika keliauja iki Lietuvos? Priklauso nuo vietos, ta\u010diau bendrai tai u\u017etrunka nuo&hellip;","_links":{"self":[{"href":"https:\/\/carhunter.lt\/index.php?rest_route=\/wp\/v2\/pages\/2471","targetHints":{"allow":["GET"]}}],"collection":[{"href":"https:\/\/carhunter.lt\/index.php?rest_route=\/wp\/v2\/pages"}],"about":[{"href":"https:\/\/carhunter.lt\/index.php?rest_route=\/wp\/v2\/types\/page"}],"author":[{"embeddable":true,"href":"https:\/\/carhunter.lt\/index.php?rest_route=\/wp\/v2\/users\/1"}],"replies":[{"embeddable":true,"href":"https:\/\/carhunter.lt\/index.php?rest_route=%2Fwp%2Fv2%2Fcomments&post=2471"}],"version-history":[{"count":0,"href":"https:\/\/carhunter.lt\/index.php?rest_route=\/wp\/v2\/pages\/2471\/revisions"}],"wp:attachment":[{"href":"https:\/\/carhunter.lt\/index.php?rest_route=%2Fwp%2Fv2%2Fmedia&parent=2471"}],"curies":[{"name":"wp","href":"https:\/\/api.w.org\/{rel}","templated":true}]}}