{"id":3,"date":"2024-10-14T12:54:51","date_gmt":"2024-10-14T12:54:51","guid":{"rendered":"http:\/\/carhunter.lt\/?page_id=3"},"modified":"2025-01-29T05:06:47","modified_gmt":"2025-01-29T05:06:47","slug":"privatumo-politika","status":"publish","type":"page","link":"https:\/\/carhunter.lt\/?page_id=3","title":{"rendered":"Privatumo politika"},"content":{"rendered":"\n<h3 class=\"wp-block-heading\" id=\"si-privatumo-politika-toliau-politika-reglamentuoja-asmens-duomenu-rinkima-naudojima-saugojima-ir-apsauga-kai-jus-toliau-vartotojas-naudojates-http-carhunter-lt-interneto-svetaine-toliau-svetaine-ir-jos-teikiamomis-paslaugomis\">\u0160i&nbsp;privatumo&nbsp;politika (toliau &#8211; \u201epolitika\u201c) reglamentuoja asmens duomen\u0173 rinkim\u0105, naudojim\u0105, saugojim\u0105 ir apsaug\u0105, kai j\u016bs (toliau &#8211; \u201evartotojas\u201c) naudojat\u0117s&nbsp;<a href=\"http:\/\/carhunter.lt\/\" title=\"\">http:\/\/carhunter.lt<\/a>&nbsp;interneto svetaine (toliau &#8211; \u201esvetain\u0117\u201c) ir jos teikiamomis paslaugomis.<\/h3>\n\n\n\n<h3 class=\"wp-block-heading\" id=\"1-asmens-duomenu-rinkimas-ir-tvarkymas\"><strong>1.&nbsp;<\/strong>Asmens duomen\u0173 rinkimas ir tvarkymas<\/h3>\n\n\n\n<p class=\"wp-block-paragraph\"><strong>1.1.&nbsp;<\/strong>Kuomet nar\u0161ote m\u016bs\u0173 svetain\u0117je, automati\u0161kai renkame tam tikr\u0105 informacij\u0105 apie j\u016bs\u0173 \u012frengin\u012f &#8211; j\u016bs\u0173 IP adres\u0105, nar\u0161ykl\u0117s tip\u0105 ir versij\u0105, puslapi\u0173, kuriuose lank\u0117t\u0117s laik\u0105 ir dat\u0105, bei kit\u0105 statistin\u0119 informacij\u0105.<br><strong>1.2.&nbsp;<\/strong>Taip pat, galime rinkti asmeninius duomenis, kuriuos j\u016bs savo pasirinkimu pateikiate m\u016bs\u0173 svetain\u0117je esan\u010diuose formularuose, siekant atsakyti \u012f j\u016bs\u0173 u\u017eklausas ar suteikiant tam tikr\u0105 paslaug\u0105.<\/p>\n\n\n\n<h3 class=\"wp-block-heading\" id=\"2-asmens-duomenu-saugojimas-ir-apsauga\"><strong>2.&nbsp;<\/strong>Asmens duomen\u0173 saugojimas ir apsauga<\/h3>\n\n\n\n<p class=\"wp-block-paragraph\"><strong>2.1.&nbsp;<\/strong>Mes \u012fsipareigojame u\u017etikrinti asmens duomen\u0173 konfidencialum\u0105 ir j\u0173 saugum\u0105, taikydami tinkamas technines ir organizacines priemones, kad b\u016bt\u0173 apsaugoti nuo neteis\u0117to ar netinkamo naudojimo, praradimo, sunaikinimo ar pa\u017eeidimo.<br><strong>2.2.&nbsp;<\/strong>Mes saugosime j\u016bs\u0173 asmens duomenis tiek, kiek tai b\u016btina siekiant vykdyti m\u016bs\u0173 teisinius \u012fsipareigojimus arba vykdyti m\u016bs\u0173 verslo interesus.<br><strong>2.3.&nbsp;<\/strong>Galite apsilankyti m\u016bs\u0173 svetain\u0117je, nesuteikdami jokios informacijos, kuria b\u016bt\u0173 galima identifikuoti j\u016bs\u0173 asmens tapatyb\u0119. Ta\u010diau, jeigu nor\u0117site pasinaudoti m\u016bs\u0173 svetain\u0117s funkcijomis, nor\u0117site gauti m\u016bs\u0173 naujienlai\u0161k\u012f arba u\u017epildysite m\u016bs\u0173 kontaktin\u0119 form\u0105, tuomet taip galite suteikti mums savo asmenini\u0173 duomen\u0173: el. pa\u0161to adres\u0105, vard\u0105, pavard\u0119, gyvenamosios vietos informacij\u0105, telefono numer\u012f. Turite pasirinkim\u0105 nesuteikti mums savo asmenini\u0173 duomen\u0173, ta\u010diau tokiu atveju negal\u0117site naudotis dauguma svetain\u0117s teikiam\u0173 funkcij\u0173. Svetain\u0117s lankytojai, ne\u017einantys, koki\u0105 informacij\u0105 privalome rinkti, gali susisiekti su mumis el. pa\u0161tu:&nbsp;<a href=\"mailto:carhunterjustas@gmail.com\" target=\"_blank\" rel=\"noreferrer noopener\">carhunterjustas@gmail.com<\/a>.<\/p>\n\n\n\n<h3 class=\"wp-block-heading\" id=\"3-duomenu-gavimas-is-treciuju-saliu\"><strong>3.&nbsp;<\/strong>Duomen\u0173 gavimas i\u0161 tre\u010di\u0173j\u0173 \u0161ali\u0173<\/h3>\n\n\n\n<p class=\"wp-block-paragraph\"><strong>3.1.&nbsp;<\/strong>J\u016bs\u0173 asmens duomenis perduodame tik patikimoms tre\u010diosioms \u0161alims ir tik siekdami tinkamai \u012fgyvendinti asmens duomen\u0173 tvarkymo tikslus. Taip pat, galime perduoti j\u016bs\u0173 asmens duomenis, kai to reikalauja galiojantys teisiniai \u012fstatymai arba kai tai b\u016btina m\u016bs\u0173 paslaug\u0173 teikimui.<\/p>\n\n\n\n<h3 class=\"wp-block-heading\" id=\"4-treciuju-saliu-svetaines\"><strong>4.&nbsp;<\/strong>Tre\u010di\u0173j\u0173 \u0161ali\u0173 svetain\u0117s<\/h3>\n\n\n\n<p class=\"wp-block-paragraph\"><strong>4.1.&nbsp;<\/strong>\u0160ioje svetain\u0117je gali b\u016bti tre\u010di\u0173j\u0173 \u0161ali\u0173 reklamini\u0173 skydeli\u0173, nuorod\u0173 \u012f j\u0173 svetaines ir paslaugas, kuri\u0173 mes nekontroliuojame ir neatsakome u\u017e informacijos, kuri\u0105 surinko tre\u010diosios \u0161alys, saug\u0105 ir privatum\u0105. Rekomenduojame perskaityti&nbsp;privatumo&nbsp;nuostatas, taikomas tre\u010di\u0173j\u0173 \u0161ali\u0173 svetain\u0117ms ir paslaugoms, kuriomis naudojat\u0117s.<\/p>\n\n\n\n<h3 class=\"wp-block-heading\" id=\"5-slapukai-ir-sekimo-technologijos\"><strong>5.&nbsp;<\/strong>Slapukai ir sekimo technologijos<\/h3>\n\n\n\n<p class=\"wp-block-paragraph\"><strong>5.1.&nbsp;<\/strong>M\u016bs\u0173 svetain\u0117 gali naudoti slapukus ir kitas sekimo technologijas, kad pagerint\u0173 j\u016bs\u0173 naudojimosi patirt\u012f ir analizuot\u0173 sraut\u0105. J\u016bs galite bet kada pasirinkti, ar sutinkate su slapuk\u0173 naudojimu savo nar\u0161ykl\u0117s nustatymuose.<br><strong>5.2.&nbsp;<\/strong>Mes nesusiejame lankytojo IP adreso ir elektroninio pa\u0161to adreso ar kitos asmenin\u0117s informacijos su duomenimis, kurie leid\u017eia identifikuoti lankytoj\u0105. Tai rei\u0161kia, kad kiekvieno lankytojo apsilankymo sesija bus u\u017eregistruota, ta\u010diau svetain\u0117s lankytojas i\u0161liks anonimi\u0161kas.<\/p>\n\n\n\n<h3 class=\"wp-block-heading\" id=\"6-jusu-teises\"><strong>6.&nbsp;<\/strong>J\u016bs\u0173 teis\u0117s<\/h3>\n\n\n\n<p class=\"wp-block-paragraph\"><strong>6.1.&nbsp;<\/strong>J\u016bs turite teis\u0119 susipa\u017einti su asmens duomenimis, kurie yra apie jus renkami ir tvarkomi, taip pat pra\u0161yti \u0161i\u0173 duomen\u0173 pataisymo, i\u0161trinimo arba perk\u0117limo \u012f kit\u0105 organizacij\u0105. Taip pat j\u016bs turite teis\u0119 prie\u0161tarauti duomen\u0173 tvarkymui.<\/p>\n\n\n\n<h3 class=\"wp-block-heading\" id=\"7-kontaktai\"><strong>7.&nbsp;<\/strong>Kontaktai<\/h3>\n\n\n\n<p class=\"wp-block-paragraph\"><strong>7.1.&nbsp;<\/strong>Jeigu turite klausim\u0173 ar pageidaujate gauti daugiau informacijos apie m\u016bs\u0173&nbsp;privatumo&nbsp;politik\u0105, pra\u0161ome susisiekti su mumis el. pa\u0161tu:&nbsp;<a href=\"mailto:carhunterjustas@gmail.com\" target=\"_blank\" rel=\"noreferrer noopener\">carhunterjustas@gmail.com<\/a> arba telefono numeriu +37062222336<\/p>\n\n\n\n<p class=\"wp-block-paragraph\"><\/p>\n","protected":false},"excerpt":{"rendered":"<p>\u0160i&nbsp;privatumo&nbsp;politika (toliau &#8211; \u201epolitika\u201c) reglamentuoja asmens duomen\u0173 rinkim\u0105, naudojim\u0105, saugojim\u0105 ir apsaug\u0105, kai j\u016bs (toliau &#8211; \u201evartotojas\u201c) naudojat\u0117s&nbsp;http:\/\/carhunter.lt&nbsp;interneto svetaine (toliau &#8211; \u201esvetain\u0117\u201c) ir jos teikiamomis paslaugomis. 1.&nbsp;Asmens duomen\u0173 rinkimas ir tvarkymas 1.1.&nbsp;Kuomet nar\u0161ote m\u016bs\u0173 svetain\u0117je, automati\u0161kai renkame tam tikr\u0105 informacij\u0105 apie j\u016bs\u0173 \u012frengin\u012f &#8211; j\u016bs\u0173 IP adres\u0105, nar\u0161ykl\u0117s tip\u0105 ir versij\u0105, puslapi\u0173, kuriuose lank\u0117t\u0117s laik\u0105 [&hellip;]<\/p>\n","protected":false},"author":1,"featured_media":0,"parent":0,"menu_order":0,"comment_status":"closed","ping_status":"closed","template":"privatumo-politika","meta":{"_gspb_post_css":"","_crdt_document":"","om_disable_all_campaigns":false,"_uag_custom_page_level_css":"","_monsterinsights_skip_tracking":false,"_monsterinsights_sitenote_active":false,"_monsterinsights_sitenote_note":"","_monsterinsights_sitenote_category":0,"_uf_show_specific_survey":0,"_uf_disable_surveys":false,"footnotes":""},"class_list":["post-3","page","type-page","status-publish","hentry"],"aioseo_notices":[],"featured_image_src":"","featured_image_src_square":false,"rbea_author_info":{"display_name":"simanonis420@gmail.com","author_link":"https:\/\/carhunter.lt\/?author=1"},"rbea_excerpt_info":"\u0160i&nbsp;privatumo&nbsp;politika (toliau &#8211; \u201epolitika\u201c) reglamentuoja asmens duomen\u0173 rinkim\u0105, naudojim\u0105, saugojim\u0105 ir apsaug\u0105, kai j\u016bs (toliau &#8211; \u201evartotojas\u201c) naudojat\u0117s&nbsp;http:\/\/carhunter.lt&nbsp;interneto svetaine (toliau &#8211; \u201esvetain\u0117\u201c) ir jos teikiamomis paslaugomis. 1.&nbsp;Asmens duomen\u0173 rinkimas ir tvarkymas 1.1.&nbsp;Kuomet nar\u0161ote m\u016bs\u0173 svetain\u0117je, automati\u0161kai renkame tam tikr\u0105 informacij\u0105 apie j\u016bs\u0173 \u012frengin\u012f &#8211; j\u016bs\u0173 IP adres\u0105, nar\u0161ykl\u0117s tip\u0105 ir versij\u0105, puslapi\u0173, kuriuose lank\u0117t\u0117s laik\u0105 [&hellip;]","uagb_featured_image_src":{"full":false,"thumbnail":false,"medium":false,"medium_large":false,"large":false,"1536x1536":false,"2048x2048":false},"uagb_author_info":{"display_name":"simanonis420@gmail.com","author_link":"https:\/\/carhunter.lt\/?author=1"},"uagb_comment_info":0,"uagb_excerpt":"\u0160i&nbsp;privatumo&nbsp;politika (toliau &#8211; \u201epolitika\u201c) reglamentuoja asmens duomen\u0173 rinkim\u0105, naudojim\u0105, saugojim\u0105 ir apsaug\u0105, kai j\u016bs (toliau &#8211; \u201evartotojas\u201c) naudojat\u0117s&nbsp;http:\/\/carhunter.lt&nbsp;interneto svetaine (toliau &#8211; \u201esvetain\u0117\u201c) ir jos teikiamomis paslaugomis. 1.&nbsp;Asmens duomen\u0173 rinkimas ir tvarkymas 1.1.&nbsp;Kuomet nar\u0161ote m\u016bs\u0173 svetain\u0117je, automati\u0161kai renkame tam tikr\u0105 informacij\u0105 apie j\u016bs\u0173 \u012frengin\u012f &#8211; j\u016bs\u0173 IP adres\u0105, nar\u0161ykl\u0117s tip\u0105 ir versij\u0105, puslapi\u0173, kuriuose lank\u0117t\u0117s laik\u0105&hellip;","_links":{"self":[{"href":"https:\/\/carhunter.lt\/index.php?rest_route=\/wp\/v2\/pages\/3","targetHints":{"allow":["GET"]}}],"collection":[{"href":"https:\/\/carhunter.lt\/index.php?rest_route=\/wp\/v2\/pages"}],"about":[{"href":"https:\/\/carhunter.lt\/index.php?rest_route=\/wp\/v2\/types\/page"}],"author":[{"embeddable":true,"href":"https:\/\/carhunter.lt\/index.php?rest_route=\/wp\/v2\/users\/1"}],"replies":[{"embeddable":true,"href":"https:\/\/carhunter.lt\/index.php?rest_route=%2Fwp%2Fv2%2Fcomments&post=3"}],"version-history":[{"count":0,"href":"https:\/\/carhunter.lt\/index.php?rest_route=\/wp\/v2\/pages\/3\/revisions"}],"wp:attachment":[{"href":"https:\/\/carhunter.lt\/index.php?rest_route=%2Fwp%2Fv2%2Fmedia&parent=3"}],"curies":[{"name":"wp","href":"https:\/\/api.w.org\/{rel}","templated":true}]}}